{"id":1532,"date":"2025-05-22T18:53:08","date_gmt":"2025-05-22T18:53:08","guid":{"rendered":"https:\/\/viajerasinfronteras.com\/?page_id=1532"},"modified":"2025-05-23T16:36:04","modified_gmt":"2025-05-23T16:36:04","slug":"descuentos","status":"publish","type":"page","link":"https:\/\/viajerasinfronteras.com\/index.php\/descuentos\/","title":{"rendered":"DESCUENTOS"},"content":{"rendered":"\t\t<div data-elementor-type=\"wp-page\" data-elementor-id=\"1532\" class=\"elementor elementor-1532\">\n\t\t\t\t<div class=\"elementor-element elementor-element-9f171ba e-flex e-con-boxed e-con e-parent\" data-id=\"9f171ba\" data-element_type=\"container\">\n\t\t\t\t\t<div class=\"e-con-inner\">\n\t\t\t\t<div class=\"elementor-element elementor-element-46827ca elementor-widget elementor-widget-heading\" data-id=\"46827ca\" data-element_type=\"widget\" data-widget_type=\"heading.default\">\n\t\t\t\t<div class=\"elementor-widget-container\">\n\t\t\t\t\t<h2 class=\"elementor-heading-title elementor-size-default\">DESCUENTOS<\/h2>\t\t\t\t<\/div>\n\t\t\t\t<\/div>\n\t\t\t\t\t<\/div>\n\t\t\t\t<\/div>\n\t\t<div class=\"elementor-element elementor-element-20e83ee e-con-full e-flex e-con e-parent\" data-id=\"20e83ee\" data-element_type=\"container\">\n\t\t\t\t<div class=\"elementor-element elementor-element-3975685 premium-wrapper-link-yes elementor-widget elementor-widget-text-editor\" data-id=\"3975685\" data-element_type=\"widget\" data-widget_type=\"text-editor.default\">\n\t\t\t\t<div class=\"elementor-widget-container\">\n\t\t\t\t\t\t\t\t\t<p>Con estos descuentos que te facilito en la web, podr\u00e1s obtener precios econ\u00f3micos en todos ellos. Si lo haces a trav\u00e9s de estos enlaces, me ayudas a manter este proyecto con vida. Muchas gracias por tu colaboraci\u00f3n!<\/p>\t\t\t\t\t\t\t\t<\/div>\n\t\t\t\t<\/div>\n\t\t\t\t<\/div>\n\t\t<div class=\"elementor-element elementor-element-1e9707f e-flex e-con-boxed e-con e-parent\" data-id=\"1e9707f\" data-element_type=\"container\">\n\t\t\t\t\t<div class=\"e-con-inner\">\n\t\t<div class=\"elementor-element elementor-element-b144457 e-grid e-con-full e-con e-child\" data-id=\"b144457\" data-element_type=\"container\">\n\t\t\t\t<div class=\"elementor-element elementor-element-8a4955e animated-slow elementor-invisible elementor-widget elementor-widget-image\" data-id=\"8a4955e\" data-element_type=\"widget\" data-settings=\"{&quot;_animation&quot;:&quot;fadeIn&quot;}\" data-widget_type=\"image.default\">\n\t\t\t\t<div class=\"elementor-widget-container\">\n\t\t\t\t\t\t\t\t\t\t\t\t<figure class=\"wp-caption\">\n\t\t\t\t\t\t\t\t\t\t\t<a href=\"http:\/\/www.skyscanner.com\" target=\"_blank\">\n\t\t\t\t\t\t\t<img fetchpriority=\"high\" decoding=\"async\" width=\"300\" height=\"300\" src=\"https:\/\/viajerasinfronteras.com\/wp-content\/uploads\/2025\/05\/Diseno-sin-titulo.jpg\" class=\"attachment-medium size-medium wp-image-1545\" alt=\"\" srcset=\"https:\/\/viajerasinfronteras.com\/wp-content\/uploads\/2025\/05\/Diseno-sin-titulo.jpg 300w, https:\/\/viajerasinfronteras.com\/wp-content\/uploads\/2025\/05\/Diseno-sin-titulo-150x150.jpg 150w, https:\/\/viajerasinfronteras.com\/wp-content\/uploads\/2025\/05\/Diseno-sin-titulo-100x100.jpg 100w, https:\/\/viajerasinfronteras.com\/wp-content\/uploads\/2025\/05\/Diseno-sin-titulo-200x200.jpg 200w\" sizes=\"(max-width: 300px) 100vw, 300px\" \/>\t\t\t\t\t\t\t\t<\/a>\n\t\t\t\t\t\t\t\t\t\t\t<figcaption class=\"widget-image-caption wp-caption-text\">Vuelos<\/figcaption>\n\t\t\t\t\t\t\t\t\t\t<\/figure>\n\t\t\t\t\t\t\t\t\t<\/div>\n\t\t\t\t<\/div>\n\t\t\t\t<div class=\"elementor-element elementor-element-8a3f68b animated-slow elementor-invisible elementor-widget elementor-widget-image\" data-id=\"8a3f68b\" data-element_type=\"widget\" data-settings=\"{&quot;_animation&quot;:&quot;fadeIn&quot;}\" data-widget_type=\"image.default\">\n\t\t\t\t<div class=\"elementor-widget-container\">\n\t\t\t\t\t\t\t\t\t\t\t\t<figure class=\"wp-caption\">\n\t\t\t\t\t\t\t\t\t\t<img decoding=\"async\" width=\"300\" height=\"300\" src=\"https:\/\/viajerasinfronteras.com\/wp-content\/uploads\/2025\/05\/2-1.jpg\" class=\"attachment-medium size-medium wp-image-1564\" alt=\"\" srcset=\"https:\/\/viajerasinfronteras.com\/wp-content\/uploads\/2025\/05\/2-1.jpg 300w, https:\/\/viajerasinfronteras.com\/wp-content\/uploads\/2025\/05\/2-1-150x150.jpg 150w, https:\/\/viajerasinfronteras.com\/wp-content\/uploads\/2025\/05\/2-1-100x100.jpg 100w, https:\/\/viajerasinfronteras.com\/wp-content\/uploads\/2025\/05\/2-1-200x200.jpg 200w\" sizes=\"(max-width: 300px) 100vw, 300px\" \/>\t\t\t\t\t\t\t\t\t\t\t<figcaption class=\"widget-image-caption wp-caption-text\">Seguros de viaje<\/figcaption>\n\t\t\t\t\t\t\t\t\t\t<\/figure>\n\t\t\t\t\t\t\t\t\t<\/div>\n\t\t\t\t<\/div>\n\t\t\t\t<div class=\"elementor-element elementor-element-b5fc7f8 animated-slow elementor-invisible elementor-widget elementor-widget-image\" data-id=\"b5fc7f8\" data-element_type=\"widget\" data-settings=\"{&quot;_animation&quot;:&quot;fadeIn&quot;}\" data-widget_type=\"image.default\">\n\t\t\t\t<div class=\"elementor-widget-container\">\n\t\t\t\t\t\t\t\t\t\t\t\t<figure class=\"wp-caption\">\n\t\t\t\t\t\t\t\t\t\t<img decoding=\"async\" width=\"300\" height=\"300\" src=\"https:\/\/viajerasinfronteras.com\/wp-content\/uploads\/2025\/05\/8-1.jpg\" class=\"attachment-medium size-medium wp-image-1570\" alt=\"\" srcset=\"https:\/\/viajerasinfronteras.com\/wp-content\/uploads\/2025\/05\/8-1.jpg 300w, https:\/\/viajerasinfronteras.com\/wp-content\/uploads\/2025\/05\/8-1-150x150.jpg 150w, https:\/\/viajerasinfronteras.com\/wp-content\/uploads\/2025\/05\/8-1-100x100.jpg 100w, https:\/\/viajerasinfronteras.com\/wp-content\/uploads\/2025\/05\/8-1-200x200.jpg 200w\" sizes=\"(max-width: 300px) 100vw, 300px\" \/>\t\t\t\t\t\t\t\t\t\t\t<figcaption class=\"widget-image-caption wp-caption-text\">Alquiler de coche<\/figcaption>\n\t\t\t\t\t\t\t\t\t\t<\/figure>\n\t\t\t\t\t\t\t\t\t<\/div>\n\t\t\t\t<\/div>\n\t\t\t\t<div class=\"elementor-element elementor-element-a4a9790 animated-slow elementor-invisible elementor-widget elementor-widget-image\" data-id=\"a4a9790\" data-element_type=\"widget\" data-settings=\"{&quot;_animation&quot;:&quot;fadeIn&quot;}\" data-widget_type=\"image.default\">\n\t\t\t\t<div class=\"elementor-widget-container\">\n\t\t\t\t\t\t\t\t\t\t\t\t<figure class=\"wp-caption\">\n\t\t\t\t\t\t\t\t\t\t<img loading=\"lazy\" decoding=\"async\" width=\"300\" height=\"300\" src=\"https:\/\/viajerasinfronteras.com\/wp-content\/uploads\/2025\/05\/7-1.jpg\" class=\"attachment-medium size-medium wp-image-1569\" alt=\"\" srcset=\"https:\/\/viajerasinfronteras.com\/wp-content\/uploads\/2025\/05\/7-1.jpg 300w, https:\/\/viajerasinfronteras.com\/wp-content\/uploads\/2025\/05\/7-1-150x150.jpg 150w, https:\/\/viajerasinfronteras.com\/wp-content\/uploads\/2025\/05\/7-1-100x100.jpg 100w, https:\/\/viajerasinfronteras.com\/wp-content\/uploads\/2025\/05\/7-1-200x200.jpg 200w\" sizes=\"(max-width: 300px) 100vw, 300px\" \/>\t\t\t\t\t\t\t\t\t\t\t<figcaption class=\"widget-image-caption wp-caption-text\">Con animales<\/figcaption>\n\t\t\t\t\t\t\t\t\t\t<\/figure>\n\t\t\t\t\t\t\t\t\t<\/div>\n\t\t\t\t<\/div>\n\t\t\t\t<div class=\"elementor-element elementor-element-f778871 animated-slow elementor-invisible elementor-widget elementor-widget-image\" data-id=\"f778871\" data-element_type=\"widget\" data-settings=\"{&quot;_animation&quot;:&quot;fadeIn&quot;}\" data-widget_type=\"image.default\">\n\t\t\t\t<div class=\"elementor-widget-container\">\n\t\t\t\t\t\t\t\t\t\t\t\t<figure class=\"wp-caption\">\n\t\t\t\t\t\t\t\t\t\t<img loading=\"lazy\" decoding=\"async\" width=\"300\" height=\"300\" src=\"https:\/\/viajerasinfronteras.com\/wp-content\/uploads\/2025\/05\/4-1.jpg\" class=\"attachment-medium size-medium wp-image-1566\" alt=\"\" srcset=\"https:\/\/viajerasinfronteras.com\/wp-content\/uploads\/2025\/05\/4-1.jpg 300w, https:\/\/viajerasinfronteras.com\/wp-content\/uploads\/2025\/05\/4-1-150x150.jpg 150w, https:\/\/viajerasinfronteras.com\/wp-content\/uploads\/2025\/05\/4-1-100x100.jpg 100w, https:\/\/viajerasinfronteras.com\/wp-content\/uploads\/2025\/05\/4-1-200x200.jpg 200w\" sizes=\"(max-width: 300px) 100vw, 300px\" \/>\t\t\t\t\t\t\t\t\t\t\t<figcaption class=\"widget-image-caption wp-caption-text\">SIM de viaje<\/figcaption>\n\t\t\t\t\t\t\t\t\t\t<\/figure>\n\t\t\t\t\t\t\t\t\t<\/div>\n\t\t\t\t<\/div>\n\t\t\t\t<div class=\"elementor-element elementor-element-a4c6c2b animated-slow elementor-invisible elementor-widget elementor-widget-image\" data-id=\"a4c6c2b\" data-element_type=\"widget\" data-settings=\"{&quot;_animation&quot;:&quot;fadeIn&quot;}\" data-widget_type=\"image.default\">\n\t\t\t\t<div class=\"elementor-widget-container\">\n\t\t\t\t\t\t\t\t\t\t\t\t<figure class=\"wp-caption\">\n\t\t\t\t\t\t\t\t\t\t<img loading=\"lazy\" decoding=\"async\" width=\"300\" height=\"300\" src=\"https:\/\/viajerasinfronteras.com\/wp-content\/uploads\/2025\/05\/6-1.jpg\" class=\"attachment-medium_large size-medium_large wp-image-1568\" alt=\"\" srcset=\"https:\/\/viajerasinfronteras.com\/wp-content\/uploads\/2025\/05\/6-1.jpg 300w, https:\/\/viajerasinfronteras.com\/wp-content\/uploads\/2025\/05\/6-1-150x150.jpg 150w, https:\/\/viajerasinfronteras.com\/wp-content\/uploads\/2025\/05\/6-1-100x100.jpg 100w, https:\/\/viajerasinfronteras.com\/wp-content\/uploads\/2025\/05\/6-1-200x200.jpg 200w\" sizes=\"(max-width: 300px) 100vw, 300px\" \/>\t\t\t\t\t\t\t\t\t\t\t<figcaption class=\"widget-image-caption wp-caption-text\">Alojamientos<\/figcaption>\n\t\t\t\t\t\t\t\t\t\t<\/figure>\n\t\t\t\t\t\t\t\t\t<\/div>\n\t\t\t\t<\/div>\n\t\t\t\t<div class=\"elementor-element elementor-element-cf6ac0e animated-slow elementor-invisible elementor-widget elementor-widget-image\" data-id=\"cf6ac0e\" data-element_type=\"widget\" data-settings=\"{&quot;_animation&quot;:&quot;fadeIn&quot;}\" data-widget_type=\"image.default\">\n\t\t\t\t<div class=\"elementor-widget-container\">\n\t\t\t\t\t\t\t\t\t\t\t\t<figure class=\"wp-caption\">\n\t\t\t\t\t\t\t\t\t\t<img loading=\"lazy\" decoding=\"async\" width=\"300\" height=\"300\" src=\"https:\/\/viajerasinfronteras.com\/wp-content\/uploads\/2025\/05\/3-1.jpg\" class=\"attachment-medium size-medium wp-image-1565\" alt=\"\" srcset=\"https:\/\/viajerasinfronteras.com\/wp-content\/uploads\/2025\/05\/3-1.jpg 300w, https:\/\/viajerasinfronteras.com\/wp-content\/uploads\/2025\/05\/3-1-150x150.jpg 150w, https:\/\/viajerasinfronteras.com\/wp-content\/uploads\/2025\/05\/3-1-100x100.jpg 100w, https:\/\/viajerasinfronteras.com\/wp-content\/uploads\/2025\/05\/3-1-200x200.jpg 200w\" sizes=\"(max-width: 300px) 100vw, 300px\" \/>\t\t\t\t\t\t\t\t\t\t\t<figcaption class=\"widget-image-caption wp-caption-text\">Actividades<\/figcaption>\n\t\t\t\t\t\t\t\t\t\t<\/figure>\n\t\t\t\t\t\t\t\t\t<\/div>\n\t\t\t\t<\/div>\n\t\t\t\t<div class=\"elementor-element elementor-element-484ceb7 animated-slow elementor-invisible elementor-widget elementor-widget-image\" data-id=\"484ceb7\" data-element_type=\"widget\" data-settings=\"{&quot;_animation&quot;:&quot;fadeIn&quot;}\" data-widget_type=\"image.default\">\n\t\t\t\t<div class=\"elementor-widget-container\">\n\t\t\t\t\t\t\t\t\t\t\t\t<figure class=\"wp-caption\">\n\t\t\t\t\t\t\t\t\t\t<img loading=\"lazy\" decoding=\"async\" width=\"300\" height=\"300\" src=\"https:\/\/viajerasinfronteras.com\/wp-content\/uploads\/2025\/05\/5-1.jpg\" class=\"attachment-medium size-medium wp-image-1567\" alt=\"\" srcset=\"https:\/\/viajerasinfronteras.com\/wp-content\/uploads\/2025\/05\/5-1.jpg 300w, https:\/\/viajerasinfronteras.com\/wp-content\/uploads\/2025\/05\/5-1-150x150.jpg 150w, https:\/\/viajerasinfronteras.com\/wp-content\/uploads\/2025\/05\/5-1-100x100.jpg 100w, https:\/\/viajerasinfronteras.com\/wp-content\/uploads\/2025\/05\/5-1-200x200.jpg 200w\" sizes=\"(max-width: 300px) 100vw, 300px\" \/>\t\t\t\t\t\t\t\t\t\t\t<figcaption class=\"widget-image-caption wp-caption-text\">Traslados<\/figcaption>\n\t\t\t\t\t\t\t\t\t\t<\/figure>\n\t\t\t\t\t\t\t\t\t<\/div>\n\t\t\t\t<\/div>\n\t\t\t\t<\/div>\n\t\t\t\t\t<\/div>\n\t\t\t\t<\/div>\n\t\t\t\t<\/div>\n\t\t","protected":false},"excerpt":{"rendered":"<p>DESCUENTOS Con estos descuentos que te facilito en la web, podr\u00e1s obtener precios econ\u00f3micos en todos ellos. Si lo haces a trav\u00e9s de estos enlaces, me ayudas a manter este proyecto con vida. Muchas gracias por tu colaboraci\u00f3n! Vuelos Seguros de viaje Alquiler de coche Con animales SIM de viaje Alojamientos Actividades Traslados<\/p>\n","protected":false},"author":1,"featured_media":0,"parent":0,"menu_order":0,"comment_status":"closed","ping_status":"closed","template":"","meta":{"footnotes":""},"class_list":["post-1532","page","type-page","status-publish","hentry"],"_links":{"self":[{"href":"https:\/\/viajerasinfronteras.com\/index.php\/wp-json\/wp\/v2\/pages\/1532","targetHints":{"allow":["GET"]}}],"collection":[{"href":"https:\/\/viajerasinfronteras.com\/index.php\/wp-json\/wp\/v2\/pages"}],"about":[{"href":"https:\/\/viajerasinfronteras.com\/index.php\/wp-json\/wp\/v2\/types\/page"}],"author":[{"embeddable":true,"href":"https:\/\/viajerasinfronteras.com\/index.php\/wp-json\/wp\/v2\/users\/1"}],"replies":[{"embeddable":true,"href":"https:\/\/viajerasinfronteras.com\/index.php\/wp-json\/wp\/v2\/comments?post=1532"}],"version-history":[{"count":37,"href":"https:\/\/viajerasinfronteras.com\/index.php\/wp-json\/wp\/v2\/pages\/1532\/revisions"}],"predecessor-version":[{"id":1601,"href":"https:\/\/viajerasinfronteras.com\/index.php\/wp-json\/wp\/v2\/pages\/1532\/revisions\/1601"}],"wp:attachment":[{"href":"https:\/\/viajerasinfronteras.com\/index.php\/wp-json\/wp\/v2\/media?parent=1532"}],"curies":[{"name":"wp","href":"https:\/\/api.w.org\/{rel}","templated":true}]}}