{"id":178,"date":"2025-02-01T08:04:35","date_gmt":"2025-02-01T08:04:35","guid":{"rendered":"https:\/\/viajerasinfronteras.com\/?page_id=178"},"modified":"2025-02-21T17:02:45","modified_gmt":"2025-02-21T17:02:45","slug":"paises-de-asia","status":"publish","type":"page","link":"https:\/\/viajerasinfronteras.com\/index.php\/paises-de-asia\/","title":{"rendered":"PAISES DE ASIA"},"content":{"rendered":"\t\t<div data-elementor-type=\"wp-page\" data-elementor-id=\"178\" class=\"elementor elementor-178\">\n\t\t\t\t\t\t<section class=\"elementor-section elementor-top-section elementor-element elementor-element-5554964 elementor-section-boxed elementor-section-height-default elementor-section-height-default\" data-id=\"5554964\" data-element_type=\"section\" data-settings=\"{&quot;background_background&quot;:&quot;classic&quot;}\">\n\t\t\t\t\t\t<div class=\"elementor-container elementor-column-gap-no\">\n\t\t\t\t\t<div class=\"elementor-column elementor-col-25 elementor-top-column elementor-element elementor-element-a9f62ff\" data-id=\"a9f62ff\" data-element_type=\"column\">\n\t\t\t<div class=\"elementor-widget-wrap elementor-element-populated\">\n\t\t\t\t\t\t<div class=\"elementor-element elementor-element-8a971ae elementor-position-top elementor-invisible elementor-widget elementor-widget-image-box\" data-id=\"8a971ae\" data-element_type=\"widget\" data-settings=\"{&quot;_animation&quot;:&quot;fadeInLeft&quot;}\" data-widget_type=\"image-box.default\">\n\t\t\t\t<div class=\"elementor-widget-container\">\n\t\t\t\t\t<div class=\"elementor-image-box-wrapper\"><figure class=\"elementor-image-box-img\"><img fetchpriority=\"high\" decoding=\"async\" width=\"370\" height=\"740\" src=\"https:\/\/viajerasinfronteras.com\/wp-content\/uploads\/2025\/02\/Diseno-sin-titulo-32.jpg\" class=\"attachment-full size-full wp-image-314\" alt=\"\" srcset=\"https:\/\/viajerasinfronteras.com\/wp-content\/uploads\/2025\/02\/Diseno-sin-titulo-32.jpg 370w, https:\/\/viajerasinfronteras.com\/wp-content\/uploads\/2025\/02\/Diseno-sin-titulo-32-150x300.jpg 150w\" sizes=\"(max-width: 370px) 100vw, 370px\" \/><\/figure><div class=\"elementor-image-box-content\"><h3 class=\"elementor-image-box-title\">hong kong<\/h3><p class=\"elementor-image-box-description\">2023<\/p><\/div><\/div>\t\t\t\t<\/div>\n\t\t\t\t<\/div>\n\t\t\t\t\t<\/div>\n\t\t<\/div>\n\t\t\t\t<div class=\"elementor-column elementor-col-25 elementor-top-column elementor-element elementor-element-02a5844\" data-id=\"02a5844\" data-element_type=\"column\">\n\t\t\t<div class=\"elementor-widget-wrap elementor-element-populated\">\n\t\t\t\t\t\t<div class=\"elementor-element elementor-element-a4defa5 elementor-position-top elementor-invisible elementor-widget elementor-widget-image-box\" data-id=\"a4defa5\" data-element_type=\"widget\" data-settings=\"{&quot;_animation&quot;:&quot;zoomIn&quot;}\" data-widget_type=\"image-box.default\">\n\t\t\t\t<div class=\"elementor-widget-container\">\n\t\t\t\t\t<div class=\"elementor-image-box-wrapper\"><figure class=\"elementor-image-box-img\"><img decoding=\"async\" width=\"370\" height=\"740\" src=\"https:\/\/viajerasinfronteras.com\/wp-content\/uploads\/2025\/02\/Diseno-sin-titulo-25.jpg\" class=\"attachment-full size-full wp-image-294\" alt=\"\" srcset=\"https:\/\/viajerasinfronteras.com\/wp-content\/uploads\/2025\/02\/Diseno-sin-titulo-25.jpg 370w, https:\/\/viajerasinfronteras.com\/wp-content\/uploads\/2025\/02\/Diseno-sin-titulo-25-150x300.jpg 150w\" sizes=\"(max-width: 370px) 100vw, 370px\" \/><\/figure><div class=\"elementor-image-box-content\"><h3 class=\"elementor-image-box-title\">indonesia<\/h3><p class=\"elementor-image-box-description\">2023<\/p><\/div><\/div>\t\t\t\t<\/div>\n\t\t\t\t<\/div>\n\t\t\t\t\t<\/div>\n\t\t<\/div>\n\t\t\t\t<div class=\"elementor-column elementor-col-25 elementor-top-column elementor-element elementor-element-1bfdb58\" data-id=\"1bfdb58\" data-element_type=\"column\">\n\t\t\t<div class=\"elementor-widget-wrap elementor-element-populated\">\n\t\t\t\t\t\t<div class=\"elementor-element elementor-element-2273d75 elementor-position-top elementor-invisible elementor-widget elementor-widget-image-box\" data-id=\"2273d75\" data-element_type=\"widget\" data-settings=\"{&quot;_animation&quot;:&quot;zoomIn&quot;}\" data-widget_type=\"image-box.default\">\n\t\t\t\t<div class=\"elementor-widget-container\">\n\t\t\t\t\t<div class=\"elementor-image-box-wrapper\"><figure class=\"elementor-image-box-img\"><img decoding=\"async\" width=\"370\" height=\"740\" src=\"https:\/\/viajerasinfronteras.com\/wp-content\/uploads\/2025\/02\/Diseno-sin-titulo-21.jpg\" class=\"attachment-full size-full wp-image-286\" alt=\"\" srcset=\"https:\/\/viajerasinfronteras.com\/wp-content\/uploads\/2025\/02\/Diseno-sin-titulo-21.jpg 370w, https:\/\/viajerasinfronteras.com\/wp-content\/uploads\/2025\/02\/Diseno-sin-titulo-21-150x300.jpg 150w\" sizes=\"(max-width: 370px) 100vw, 370px\" \/><\/figure><div class=\"elementor-image-box-content\"><h3 class=\"elementor-image-box-title\">jap\u00f3n<\/h3><p class=\"elementor-image-box-description\">2023<\/p><\/div><\/div>\t\t\t\t<\/div>\n\t\t\t\t<\/div>\n\t\t\t\t\t<\/div>\n\t\t<\/div>\n\t\t\t\t<div class=\"elementor-column elementor-col-25 elementor-top-column elementor-element elementor-element-801b8d7\" data-id=\"801b8d7\" data-element_type=\"column\">\n\t\t\t<div class=\"elementor-widget-wrap elementor-element-populated\">\n\t\t\t\t\t\t<div class=\"elementor-element elementor-element-30888b2 elementor-position-top elementor-invisible elementor-widget elementor-widget-image-box\" data-id=\"30888b2\" data-element_type=\"widget\" data-settings=\"{&quot;_animation&quot;:&quot;fadeInRight&quot;}\" data-widget_type=\"image-box.default\">\n\t\t\t\t<div class=\"elementor-widget-container\">\n\t\t\t\t\t<div class=\"elementor-image-box-wrapper\"><figure class=\"elementor-image-box-img\"><img loading=\"lazy\" decoding=\"async\" width=\"370\" height=\"740\" src=\"https:\/\/viajerasinfronteras.com\/wp-content\/uploads\/2025\/02\/Diseno-sin-titulo-27.jpg\" class=\"attachment-full size-full wp-image-300\" alt=\"\" srcset=\"https:\/\/viajerasinfronteras.com\/wp-content\/uploads\/2025\/02\/Diseno-sin-titulo-27.jpg 370w, https:\/\/viajerasinfronteras.com\/wp-content\/uploads\/2025\/02\/Diseno-sin-titulo-27-150x300.jpg 150w\" sizes=\"(max-width: 370px) 100vw, 370px\" \/><\/figure><div class=\"elementor-image-box-content\"><h3 class=\"elementor-image-box-title\">laos<\/h3><p class=\"elementor-image-box-description\">2022<\/p><\/div><\/div>\t\t\t\t<\/div>\n\t\t\t\t<\/div>\n\t\t\t\t\t<\/div>\n\t\t<\/div>\n\t\t\t\t\t<\/div>\n\t\t<\/section>\n\t\t\t\t<section class=\"elementor-section elementor-top-section elementor-element elementor-element-b462cab elementor-section-boxed elementor-section-height-default elementor-section-height-default\" data-id=\"b462cab\" data-element_type=\"section\" data-settings=\"{&quot;background_background&quot;:&quot;classic&quot;}\">\n\t\t\t\t\t\t<div class=\"elementor-container elementor-column-gap-no\">\n\t\t\t\t\t<div class=\"elementor-column elementor-col-25 elementor-top-column elementor-element elementor-element-1a1f36e\" data-id=\"1a1f36e\" data-element_type=\"column\">\n\t\t\t<div class=\"elementor-widget-wrap elementor-element-populated\">\n\t\t\t\t\t\t<div class=\"elementor-element elementor-element-0ec5294 elementor-position-top elementor-invisible elementor-widget elementor-widget-image-box\" data-id=\"0ec5294\" data-element_type=\"widget\" data-settings=\"{&quot;_animation&quot;:&quot;fadeInLeft&quot;}\" data-widget_type=\"image-box.default\">\n\t\t\t\t<div class=\"elementor-widget-container\">\n\t\t\t\t\t<div class=\"elementor-image-box-wrapper\"><figure class=\"elementor-image-box-img\"><img loading=\"lazy\" decoding=\"async\" width=\"370\" height=\"740\" src=\"https:\/\/viajerasinfronteras.com\/wp-content\/uploads\/2025\/02\/3.jpg\" class=\"attachment-full size-full wp-image-228\" alt=\"\" srcset=\"https:\/\/viajerasinfronteras.com\/wp-content\/uploads\/2025\/02\/3.jpg 370w, https:\/\/viajerasinfronteras.com\/wp-content\/uploads\/2025\/02\/3-150x300.jpg 150w\" sizes=\"(max-width: 370px) 100vw, 370px\" \/><\/figure><div class=\"elementor-image-box-content\"><h3 class=\"elementor-image-box-title\">malasia<\/h3><p class=\"elementor-image-box-description\">2023<\/p><\/div><\/div>\t\t\t\t<\/div>\n\t\t\t\t<\/div>\n\t\t\t\t\t<\/div>\n\t\t<\/div>\n\t\t\t\t<div class=\"elementor-column elementor-col-25 elementor-top-column elementor-element elementor-element-5d43f09\" data-id=\"5d43f09\" data-element_type=\"column\">\n\t\t\t<div class=\"elementor-widget-wrap elementor-element-populated\">\n\t\t\t\t\t\t<div class=\"elementor-element elementor-element-2e2968f elementor-position-top elementor-invisible elementor-widget elementor-widget-image-box\" data-id=\"2e2968f\" data-element_type=\"widget\" data-settings=\"{&quot;_animation&quot;:&quot;zoomIn&quot;}\" data-widget_type=\"image-box.default\">\n\t\t\t\t<div class=\"elementor-widget-container\">\n\t\t\t\t\t<div class=\"elementor-image-box-wrapper\"><figure class=\"elementor-image-box-img\"><img loading=\"lazy\" decoding=\"async\" width=\"370\" height=\"740\" src=\"https:\/\/viajerasinfronteras.com\/wp-content\/uploads\/2025\/02\/Paises-Asia.jpg\" class=\"attachment-full size-full wp-image-330\" alt=\"\" srcset=\"https:\/\/viajerasinfronteras.com\/wp-content\/uploads\/2025\/02\/Paises-Asia.jpg 370w, https:\/\/viajerasinfronteras.com\/wp-content\/uploads\/2025\/02\/Paises-Asia-150x300.jpg 150w\" sizes=\"(max-width: 370px) 100vw, 370px\" \/><\/figure><div class=\"elementor-image-box-content\"><h3 class=\"elementor-image-box-title\">maldivas<\/h3><p class=\"elementor-image-box-description\">2016-18-19-21<\/p><\/div><\/div>\t\t\t\t<\/div>\n\t\t\t\t<\/div>\n\t\t\t\t\t<\/div>\n\t\t<\/div>\n\t\t\t\t<div class=\"elementor-column elementor-col-25 elementor-top-column elementor-element elementor-element-8efd11a\" data-id=\"8efd11a\" data-element_type=\"column\">\n\t\t\t<div class=\"elementor-widget-wrap elementor-element-populated\">\n\t\t\t\t\t\t<div class=\"elementor-element elementor-element-8022ec8 elementor-position-top elementor-invisible elementor-widget elementor-widget-image-box\" data-id=\"8022ec8\" data-element_type=\"widget\" data-settings=\"{&quot;_animation&quot;:&quot;zoomIn&quot;}\" data-widget_type=\"image-box.default\">\n\t\t\t\t<div class=\"elementor-widget-container\">\n\t\t\t\t\t<div class=\"elementor-image-box-wrapper\"><figure class=\"elementor-image-box-img\"><img loading=\"lazy\" decoding=\"async\" width=\"370\" height=\"740\" src=\"https:\/\/viajerasinfronteras.com\/wp-content\/uploads\/2025\/02\/Diseno-sin-titulo-34.jpg\" class=\"attachment-full size-full wp-image-321\" alt=\"\" srcset=\"https:\/\/viajerasinfronteras.com\/wp-content\/uploads\/2025\/02\/Diseno-sin-titulo-34.jpg 370w, https:\/\/viajerasinfronteras.com\/wp-content\/uploads\/2025\/02\/Diseno-sin-titulo-34-150x300.jpg 150w\" sizes=\"(max-width: 370px) 100vw, 370px\" \/><\/figure><div class=\"elementor-image-box-content\"><h3 class=\"elementor-image-box-title\">nepal<\/h3><p class=\"elementor-image-box-description\">2022<\/p><\/div><\/div>\t\t\t\t<\/div>\n\t\t\t\t<\/div>\n\t\t\t\t\t<\/div>\n\t\t<\/div>\n\t\t\t\t<div class=\"elementor-column elementor-col-25 elementor-top-column elementor-element elementor-element-87269b1\" data-id=\"87269b1\" data-element_type=\"column\">\n\t\t\t<div class=\"elementor-widget-wrap elementor-element-populated\">\n\t\t\t\t\t\t<div class=\"elementor-element elementor-element-eabb7dd elementor-position-top elementor-invisible elementor-widget elementor-widget-image-box\" data-id=\"eabb7dd\" data-element_type=\"widget\" data-settings=\"{&quot;_animation&quot;:&quot;fadeInRight&quot;}\" data-widget_type=\"image-box.default\">\n\t\t\t\t<div class=\"elementor-widget-container\">\n\t\t\t\t\t<div class=\"elementor-image-box-wrapper\"><figure class=\"elementor-image-box-img\"><img loading=\"lazy\" decoding=\"async\" width=\"370\" height=\"740\" src=\"https:\/\/viajerasinfronteras.com\/wp-content\/uploads\/2025\/02\/Diseno-sin-titulo-29.jpg\" class=\"attachment-full size-full wp-image-302\" alt=\"\" srcset=\"https:\/\/viajerasinfronteras.com\/wp-content\/uploads\/2025\/02\/Diseno-sin-titulo-29.jpg 370w, https:\/\/viajerasinfronteras.com\/wp-content\/uploads\/2025\/02\/Diseno-sin-titulo-29-150x300.jpg 150w\" sizes=\"(max-width: 370px) 100vw, 370px\" \/><\/figure><div class=\"elementor-image-box-content\"><h3 class=\"elementor-image-box-title\">singapur<\/h3><p class=\"elementor-image-box-description\">2022-23<\/p><\/div><\/div>\t\t\t\t<\/div>\n\t\t\t\t<\/div>\n\t\t\t\t\t<\/div>\n\t\t<\/div>\n\t\t\t\t\t<\/div>\n\t\t<\/section>\n\t\t\t\t<section class=\"elementor-section elementor-top-section elementor-element elementor-element-736c19e elementor-section-boxed elementor-section-height-default elementor-section-height-default\" data-id=\"736c19e\" data-element_type=\"section\" data-settings=\"{&quot;background_background&quot;:&quot;classic&quot;}\">\n\t\t\t\t\t\t<div class=\"elementor-container elementor-column-gap-no\">\n\t\t\t\t\t<div class=\"elementor-column elementor-col-25 elementor-top-column elementor-element elementor-element-334cc44\" data-id=\"334cc44\" data-element_type=\"column\">\n\t\t\t<div class=\"elementor-widget-wrap elementor-element-populated\">\n\t\t\t\t\t\t<div class=\"elementor-element elementor-element-b9d639f elementor-position-top elementor-invisible elementor-widget elementor-widget-image-box\" data-id=\"b9d639f\" data-element_type=\"widget\" data-settings=\"{&quot;_animation&quot;:&quot;fadeInLeft&quot;}\" data-widget_type=\"image-box.default\">\n\t\t\t\t<div class=\"elementor-widget-container\">\n\t\t\t\t\t<div class=\"elementor-image-box-wrapper\"><figure class=\"elementor-image-box-img\"><img loading=\"lazy\" decoding=\"async\" width=\"370\" height=\"740\" src=\"https:\/\/viajerasinfronteras.com\/wp-content\/uploads\/2025\/02\/Paises-Asia-1.jpg\" class=\"attachment-full size-full wp-image-332\" alt=\"\" srcset=\"https:\/\/viajerasinfronteras.com\/wp-content\/uploads\/2025\/02\/Paises-Asia-1.jpg 370w, https:\/\/viajerasinfronteras.com\/wp-content\/uploads\/2025\/02\/Paises-Asia-1-150x300.jpg 150w\" sizes=\"(max-width: 370px) 100vw, 370px\" \/><\/figure><div class=\"elementor-image-box-content\"><h3 class=\"elementor-image-box-title\">sri lanka<\/h3><p class=\"elementor-image-box-description\">2016<\/p><\/div><\/div>\t\t\t\t<\/div>\n\t\t\t\t<\/div>\n\t\t\t\t\t<\/div>\n\t\t<\/div>\n\t\t\t\t<div class=\"elementor-column elementor-col-25 elementor-top-column elementor-element elementor-element-3d16936\" data-id=\"3d16936\" data-element_type=\"column\">\n\t\t\t<div class=\"elementor-widget-wrap elementor-element-populated\">\n\t\t\t\t\t\t<div class=\"elementor-element elementor-element-49d3699 elementor-position-top elementor-invisible elementor-widget elementor-widget-image-box\" data-id=\"49d3699\" data-element_type=\"widget\" data-settings=\"{&quot;_animation&quot;:&quot;zoomIn&quot;}\" data-widget_type=\"image-box.default\">\n\t\t\t\t<div class=\"elementor-widget-container\">\n\t\t\t\t\t<div class=\"elementor-image-box-wrapper\"><figure class=\"elementor-image-box-img\"><img loading=\"lazy\" decoding=\"async\" width=\"370\" height=\"740\" src=\"https:\/\/viajerasinfronteras.com\/wp-content\/uploads\/2025\/02\/Diseno-sin-titulo-33.jpg\" class=\"attachment-full size-full wp-image-316\" alt=\"\" srcset=\"https:\/\/viajerasinfronteras.com\/wp-content\/uploads\/2025\/02\/Diseno-sin-titulo-33.jpg 370w, https:\/\/viajerasinfronteras.com\/wp-content\/uploads\/2025\/02\/Diseno-sin-titulo-33-150x300.jpg 150w\" sizes=\"(max-width: 370px) 100vw, 370px\" \/><\/figure><div class=\"elementor-image-box-content\"><h3 class=\"elementor-image-box-title\">tailandia<\/h3><p class=\"elementor-image-box-description\">2022-23<\/p><\/div><\/div>\t\t\t\t<\/div>\n\t\t\t\t<\/div>\n\t\t\t\t\t<\/div>\n\t\t<\/div>\n\t\t\t\t<div class=\"elementor-column elementor-col-25 elementor-top-column elementor-element elementor-element-7202260\" data-id=\"7202260\" data-element_type=\"column\">\n\t\t\t<div class=\"elementor-widget-wrap elementor-element-populated\">\n\t\t\t\t\t\t<div class=\"elementor-element elementor-element-ea0469a elementor-position-top elementor-invisible elementor-widget elementor-widget-image-box\" data-id=\"ea0469a\" data-element_type=\"widget\" data-settings=\"{&quot;_animation&quot;:&quot;zoomIn&quot;}\" data-widget_type=\"image-box.default\">\n\t\t\t\t<div class=\"elementor-widget-container\">\n\t\t\t\t\t<div class=\"elementor-image-box-wrapper\"><figure class=\"elementor-image-box-img\"><img loading=\"lazy\" decoding=\"async\" width=\"370\" height=\"740\" src=\"https:\/\/viajerasinfronteras.com\/wp-content\/uploads\/2025\/02\/Diseno-sin-titulo-14.jpg\" class=\"attachment-full size-full wp-image-278\" alt=\"\" srcset=\"https:\/\/viajerasinfronteras.com\/wp-content\/uploads\/2025\/02\/Diseno-sin-titulo-14.jpg 370w, https:\/\/viajerasinfronteras.com\/wp-content\/uploads\/2025\/02\/Diseno-sin-titulo-14-150x300.jpg 150w\" sizes=\"(max-width: 370px) 100vw, 370px\" \/><\/figure><div class=\"elementor-image-box-content\"><h3 class=\"elementor-image-box-title\">taiwan<\/h3><p class=\"elementor-image-box-description\">2023<\/p><\/div><\/div>\t\t\t\t<\/div>\n\t\t\t\t<\/div>\n\t\t\t\t\t<\/div>\n\t\t<\/div>\n\t\t\t\t<div class=\"elementor-column elementor-col-25 elementor-top-column elementor-element elementor-element-9944f60\" data-id=\"9944f60\" data-element_type=\"column\">\n\t\t\t<div class=\"elementor-widget-wrap elementor-element-populated\">\n\t\t\t\t\t\t<div class=\"elementor-element elementor-element-cfcdbf7 elementor-position-top elementor-invisible elementor-widget elementor-widget-image-box\" data-id=\"cfcdbf7\" data-element_type=\"widget\" data-settings=\"{&quot;_animation&quot;:&quot;fadeInRight&quot;}\" data-widget_type=\"image-box.default\">\n\t\t\t\t<div class=\"elementor-widget-container\">\n\t\t\t\t\t<div class=\"elementor-image-box-wrapper\"><figure class=\"elementor-image-box-img\"><img loading=\"lazy\" decoding=\"async\" width=\"370\" height=\"740\" src=\"https:\/\/viajerasinfronteras.com\/wp-content\/uploads\/2025\/02\/Diseno-sin-titulo-35.jpg\" class=\"attachment-full size-full wp-image-322\" alt=\"\" srcset=\"https:\/\/viajerasinfronteras.com\/wp-content\/uploads\/2025\/02\/Diseno-sin-titulo-35.jpg 370w, https:\/\/viajerasinfronteras.com\/wp-content\/uploads\/2025\/02\/Diseno-sin-titulo-35-150x300.jpg 150w\" sizes=\"(max-width: 370px) 100vw, 370px\" \/><\/figure><div class=\"elementor-image-box-content\"><h3 class=\"elementor-image-box-title\">vietnam<\/h3><p class=\"elementor-image-box-description\">2022<\/p><\/div><\/div>\t\t\t\t<\/div>\n\t\t\t\t<\/div>\n\t\t\t\t\t<\/div>\n\t\t<\/div>\n\t\t\t\t\t<\/div>\n\t\t<\/section>\n\t\t\t\t<section class=\"elementor-section elementor-top-section elementor-element elementor-element-656d15c elementor-section-boxed elementor-section-height-default elementor-section-height-default\" data-id=\"656d15c\" data-element_type=\"section\" id=\"travel_guide_section\" data-settings=\"{&quot;background_background&quot;:&quot;classic&quot;}\">\n\t\t\t\t\t\t<div class=\"elementor-container elementor-column-gap-no\">\n\t\t\t\t\t<div class=\"elementor-column elementor-col-100 elementor-top-column elementor-element elementor-element-1618714\" data-id=\"1618714\" data-element_type=\"column\">\n\t\t\t<div class=\"elementor-widget-wrap elementor-element-populated\">\n\t\t\t\t\t\t<div class=\"elementor-element elementor-element-6733cb8 elementor-invisible elementor-widget elementor-widget-heading\" data-id=\"6733cb8\" data-element_type=\"widget\" data-settings=\"{&quot;_animation&quot;:&quot;fadeInUp&quot;}\" data-widget_type=\"heading.default\">\n\t\t\t\t<div class=\"elementor-widget-container\">\n\t\t\t\t\t<h2 class=\"elementor-heading-title elementor-size-default\">LO MEJOR DE ASIA<\/h2>\t\t\t\t<\/div>\n\t\t\t\t<\/div>\n\t\t\t\t\t<\/div>\n\t\t<\/div>\n\t\t\t\t\t<\/div>\n\t\t<\/section>\n\t\t\t\t<section class=\"elementor-section elementor-top-section elementor-element elementor-element-465bf46 elementor-section-boxed elementor-section-height-default elementor-section-height-default\" data-id=\"465bf46\" data-element_type=\"section\" data-settings=\"{&quot;background_background&quot;:&quot;classic&quot;}\">\n\t\t\t\t\t\t<div class=\"elementor-container elementor-column-gap-no\">\n\t\t\t\t\t<div class=\"elementor-column elementor-col-100 elementor-top-column elementor-element elementor-element-67df7d8\" data-id=\"67df7d8\" data-element_type=\"column\">\n\t\t\t<div class=\"elementor-widget-wrap elementor-element-populated\">\n\t\t\t\t\t\t<section class=\"elementor-section elementor-inner-section elementor-element elementor-element-f6df181 elementor-section-content-middle elementor-section-boxed elementor-section-height-default elementor-section-height-default elementor-invisible\" data-id=\"f6df181\" data-element_type=\"section\" data-settings=\"{&quot;animation&quot;:&quot;zoomIn&quot;}\">\n\t\t\t\t\t\t<div class=\"elementor-container elementor-column-gap-no\">\n\t\t\t\t\t<div class=\"elementor-column elementor-col-50 elementor-inner-column elementor-element elementor-element-d91034e\" data-id=\"d91034e\" data-element_type=\"column\">\n\t\t\t<div class=\"elementor-widget-wrap elementor-element-populated\">\n\t\t\t\t\t\t<div class=\"elementor-element elementor-element-97f6e73 elementor-widget elementor-widget-heading\" data-id=\"97f6e73\" data-element_type=\"widget\" data-widget_type=\"heading.default\">\n\t\t\t\t<div class=\"elementor-widget-container\">\n\t\t\t\t\t<h2 class=\"elementor-heading-title elementor-size-default\">Su seguridad<\/h2>\t\t\t\t<\/div>\n\t\t\t\t<\/div>\n\t\t\t\t<div class=\"elementor-element elementor-element-2b41eac elementor-widget elementor-widget-heading\" data-id=\"2b41eac\" data-element_type=\"widget\" data-widget_type=\"heading.default\">\n\t\t\t\t<div class=\"elementor-widget-container\">\n\t\t\t\t\t<h3 class=\"elementor-heading-title elementor-size-default\">SAFETY PLACE<\/h3>\t\t\t\t<\/div>\n\t\t\t\t<\/div>\n\t\t\t\t<div class=\"elementor-element elementor-element-aa08340 elementor-widget elementor-widget-text-editor\" data-id=\"aa08340\" data-element_type=\"widget\" data-widget_type=\"text-editor.default\">\n\t\t\t\t<div class=\"elementor-widget-container\">\n\t\t\t\t\t\t\t\t\t<p>Lo mejor de todo Asia, sin lugar a dudas es su seguridad. La gente es increiblemente amables, pero a\u00fan mejor que eso es saber que puedes moverte con toda tranquilidad a la hora que sea por cualquier lugar.\u00a0<\/p><p>La gente de Sudeste Asiatico adora a los turistas, motivo por el cual nos cuidan y tratan de que nuestor recuerdo de sus paises sea maravilloso.<\/p><p>En asia podr\u00e1s ver a muchos viajeros solos de todos los sexos y edades y es precisamente por eso, por la tranquilidad con la que puedes moverte en todas partes.\u00a0<\/p><p><span style=\"background-color: inherit;\">La inmensa mayoria de la poblaci\u00f3n cree en el Karma con lo que creen que tal y como act\u00faen, as\u00ed ser\u00e1 su futuro por eso la gente obra bien el pr\u00f3jimo, sea vecino o turista.<\/span><\/p>\t\t\t\t\t\t\t\t<\/div>\n\t\t\t\t<\/div>\n\t\t\t\t\t<\/div>\n\t\t<\/div>\n\t\t\t\t<div class=\"elementor-column elementor-col-50 elementor-inner-column elementor-element elementor-element-5ada6fb\" data-id=\"5ada6fb\" data-element_type=\"column\">\n\t\t\t<div class=\"elementor-widget-wrap elementor-element-populated\">\n\t\t\t\t\t\t<div class=\"elementor-element elementor-element-6781789 elementor-pagination-position-outside elementor-widget elementor-widget-image-carousel\" data-id=\"6781789\" data-element_type=\"widget\" data-settings=\"{&quot;slides_to_show&quot;:&quot;1&quot;,&quot;navigation&quot;:&quot;dots&quot;,&quot;autoplay_speed&quot;:2000,&quot;autoplay&quot;:&quot;yes&quot;,&quot;pause_on_hover&quot;:&quot;yes&quot;,&quot;pause_on_interaction&quot;:&quot;yes&quot;,&quot;infinite&quot;:&quot;yes&quot;,&quot;effect&quot;:&quot;slide&quot;,&quot;speed&quot;:500}\" data-widget_type=\"image-carousel.default\">\n\t\t\t\t<div class=\"elementor-widget-container\">\n\t\t\t\t\t\t\t<div class=\"elementor-image-carousel-wrapper swiper\" role=\"region\" aria-roledescription=\"carousel\" aria-label=\"Carrusel de im\u00e1genes\" dir=\"ltr\">\n\t\t\t<div class=\"elementor-image-carousel swiper-wrapper\" aria-live=\"off\">\n\t\t\t\t\t\t\t\t<div class=\"swiper-slide\" role=\"group\" aria-roledescription=\"slide\" aria-label=\"1 of 1\"><figure class=\"swiper-slide-inner\"><img decoding=\"async\" class=\"swiper-slide-image\" src=\"http:\/\/viajerasinfronteras.com\/wp-content\/uploads\/2025\/02\/20221215_1246412-EDIT.jpg\" alt=\"\" \/><\/figure><\/div>\t\t\t<\/div>\n\t\t\t\t\t<\/div>\n\t\t\t\t\t\t<\/div>\n\t\t\t\t<\/div>\n\t\t\t\t\t<\/div>\n\t\t<\/div>\n\t\t\t\t\t<\/div>\n\t\t<\/section>\n\t\t\t\t\t<\/div>\n\t\t<\/div>\n\t\t\t\t\t<\/div>\n\t\t<\/section>\n\t\t\t\t<section class=\"elementor-section elementor-top-section elementor-element elementor-element-61b8f32 elementor-section-boxed elementor-section-height-default elementor-section-height-default\" data-id=\"61b8f32\" data-element_type=\"section\" id=\"about_section\" data-settings=\"{&quot;background_background&quot;:&quot;classic&quot;}\">\n\t\t\t\t\t\t<div class=\"elementor-container elementor-column-gap-no\">\n\t\t\t\t\t<div class=\"elementor-column elementor-col-100 elementor-top-column elementor-element elementor-element-e4ba640\" data-id=\"e4ba640\" data-element_type=\"column\">\n\t\t\t<div class=\"elementor-widget-wrap elementor-element-populated\">\n\t\t\t\t\t\t<div class=\"elementor-element elementor-element-71bb71a elementor-invisible elementor-widget elementor-widget-heading\" data-id=\"71bb71a\" data-element_type=\"widget\" data-settings=\"{&quot;_animation&quot;:&quot;fadeInUp&quot;}\" data-widget_type=\"heading.default\">\n\t\t\t\t<div class=\"elementor-widget-container\">\n\t\t\t\t\t<h2 class=\"elementor-heading-title elementor-size-default\">\u00daLTIMAS ENTRADAS DEL BLOG<\/h2>\t\t\t\t<\/div>\n\t\t\t\t<\/div>\n\t\t\t\t\t<\/div>\n\t\t<\/div>\n\t\t\t\t\t<\/div>\n\t\t<\/section>\n\t\t\t\t<\/div>\n\t\t","protected":false},"excerpt":{"rendered":"<p>hong kong 2023 indonesia 2023 jap\u00f3n 2023 laos 2022 malasia 2023 maldivas 2016-18-19-21 nepal 2022 singapur 2022-23 sri lanka 2016 tailandia 2022-23 taiwan 2023 vietnam 2022 LO MEJOR DE ASIA Su seguridad SAFETY PLACE Lo mejor de todo Asia, sin lugar a dudas es su seguridad. La gente es increiblemente amables, pero a\u00fan mejor que [&hellip;]<\/p>\n","protected":false},"author":1,"featured_media":0,"parent":0,"menu_order":0,"comment_status":"closed","ping_status":"closed","template":"elementor_header_footer","meta":{"footnotes":""},"class_list":["post-178","page","type-page","status-publish","hentry"],"_links":{"self":[{"href":"https:\/\/viajerasinfronteras.com\/index.php\/wp-json\/wp\/v2\/pages\/178","targetHints":{"allow":["GET"]}}],"collection":[{"href":"https:\/\/viajerasinfronteras.com\/index.php\/wp-json\/wp\/v2\/pages"}],"about":[{"href":"https:\/\/viajerasinfronteras.com\/index.php\/wp-json\/wp\/v2\/types\/page"}],"author":[{"embeddable":true,"href":"https:\/\/viajerasinfronteras.com\/index.php\/wp-json\/wp\/v2\/users\/1"}],"replies":[{"embeddable":true,"href":"https:\/\/viajerasinfronteras.com\/index.php\/wp-json\/wp\/v2\/comments?post=178"}],"version-history":[{"count":138,"href":"https:\/\/viajerasinfronteras.com\/index.php\/wp-json\/wp\/v2\/pages\/178\/revisions"}],"predecessor-version":[{"id":886,"href":"https:\/\/viajerasinfronteras.com\/index.php\/wp-json\/wp\/v2\/pages\/178\/revisions\/886"}],"wp:attachment":[{"href":"https:\/\/viajerasinfronteras.com\/index.php\/wp-json\/wp\/v2\/media?parent=178"}],"curies":[{"name":"wp","href":"https:\/\/api.w.org\/{rel}","templated":true}]}}